{"id":7389,"date":"2022-03-14T15:17:27","date_gmt":"2022-03-15T11:08:02","guid":{"rendered":"http:\/\/dev.vztn3735.odns.fr\/?post_type=product&#038;p=7389"},"modified":"2022-03-30T17:38:45","modified_gmt":"2022-03-30T15:38:45","slug":"domaine-de-monturon","status":"publish","type":"product","link":"https:\/\/darroze-armagnacs.com\/en\/produit\/domaine-de-monturon\/","title":{"rendered":"Domaine de Monturon"},"content":{"rendered":"<p class=\"p1\"><strong>Domaine de Monturon<\/strong><\/p>\n<p class=\"p2\">Grower : Bachala<\/p>\n<p class=\"p2\">Appellation : Bas Armagnac<\/p>\n<p class=\"p2\">Terroir\/Location : Le Bourdalat<\/p>\n<p class=\"p1\">Soil type : Sandy soils<\/p>\n<p class=\"p2\">Surface :<span class=\"Apple-converted-space\"> 1,1 hectare<\/span><\/p>\n<p class=\"p1\">Grape varieties\u00a0: 100% baco<\/p>\n<p class=\"p1\">Type of distillation : Continuous distillation at 53% alc.<\/p>\n<p class=\"p2\">Distiller : Roumat<\/p>\n<p class=\"p1\">Barrels : Regional oak<\/p>\n<p class=\"p2\"><strong>Description :<br \/>\n<\/strong>For years, Mr. Bachala was a lion tamer in the Zavatta circus before turning his hand to armagnac production in the late &#8217;70s.<span class=\"Apple-converted-space\">\u00a0 <\/span>The humid conditions in his ageing cellars have contributed to the fact that his armagnacs have a lower alcohol level.<\/p>\n<p class=\"p2\">\n","protected":false},"excerpt":{"rendered":"<p>La famille Morel est originaire de Suisse, plus exactement du canton de Vaux \u00e0 c\u00f4t\u00e9 de Lausanne. D\u00e8s 1956, les premi\u00e8res distillations donnent des armagnacs fins, rac\u00e9s, \u00e9l\u00e9gants. Monsieur Morel s\u00e9lectionne des ch\u00eanes afin de construire des cuves de grande taille dans lequel les armagnacs de la propri\u00e9t\u00e9 vieilliront pendant 40 ans et plus. Le c\u00e9page baco est privil\u00e9gi\u00e9 et donne apr\u00e8s des d\u2019ann\u00e9es des r\u00e9sultats \u00e9poustouflants.<\/p>\n","protected":false},"featured_media":7288,"template":"","meta":{"_acf_changed":false,"_et_pb_use_builder":"","_et_pb_old_content":"","_et_gb_content_width":""},"product_brand":[],"product_cat":[280],"product_tag":[],"class_list":{"0":"post-7389","1":"product","2":"type-product","3":"status-publish","4":"has-post-thumbnail","6":"product_cat-la-collection-unique-en","8":"first","9":"instock","10":"taxable","11":"shipping-taxable","12":"product-type-simple"},"acf":[],"_links":{"self":[{"href":"https:\/\/darroze-armagnacs.com\/en\/wp-json\/wp\/v2\/product\/7389","targetHints":{"allow":["GET"]}}],"collection":[{"href":"https:\/\/darroze-armagnacs.com\/en\/wp-json\/wp\/v2\/product"}],"about":[{"href":"https:\/\/darroze-armagnacs.com\/en\/wp-json\/wp\/v2\/types\/product"}],"wp:featuredmedia":[{"embeddable":true,"href":"https:\/\/darroze-armagnacs.com\/en\/wp-json\/wp\/v2\/media\/7288"}],"wp:attachment":[{"href":"https:\/\/darroze-armagnacs.com\/en\/wp-json\/wp\/v2\/media?parent=7389"}],"wp:term":[{"taxonomy":"product_brand","embeddable":true,"href":"https:\/\/darroze-armagnacs.com\/en\/wp-json\/wp\/v2\/product_brand?post=7389"},{"taxonomy":"product_cat","embeddable":true,"href":"https:\/\/darroze-armagnacs.com\/en\/wp-json\/wp\/v2\/product_cat?post=7389"},{"taxonomy":"product_tag","embeddable":true,"href":"https:\/\/darroze-armagnacs.com\/en\/wp-json\/wp\/v2\/product_tag?post=7389"}],"curies":[{"name":"wp","href":"https:\/\/api.w.org\/{rel}","templated":true}]}}